{"id":28213,"date":"2023-06-29T10:05:12","date_gmt":"2023-06-29T10:05:12","guid":{"rendered":"https:\/\/vasaa.al\/?post_type=product&#038;p=28213"},"modified":"2023-06-29T10:05:12","modified_gmt":"2023-06-29T10:05:12","slug":"karikues-makine-elektrike-11kw","status":"publish","type":"product","link":"https:\/\/vasaa.al\/index.php\/product\/karikues-makine-elektrike-11kw\/","title":{"rendered":"KARIKUES MAKINE ELEKTRIKE 11kW"},"content":{"rendered":"<p>KARIKUES MAKINE ELEKTRIKE,i-CHARGE CION Semipublic 11kW, kabllo Type2, RFID lokale<\/p>\n<p>gjat\u00ebsia e kabllit 4,7 metra,\u00a0 karta RFID (p\u00ebrfshir\u00eb 1 kart\u00eb master, 2 karta karikimi)<\/p>\n<p>&nbsp;<\/p>\n","protected":false},"excerpt":{"rendered":"<p>KARIKUES MAKINE ELEKTRIKE,i-CHARGE CION Semipublic 11kW, kabllo Type2, RFID lokale<\/p>\n<p>gjat\u00ebsia e kabllit 4,7 metra,\u00a0 karta RFID (p\u00ebrfshir\u00eb 1 kart\u00eb master, 2 karta karikimi)<\/p>\n<p>&nbsp;<\/p>\n","protected":false},"featured_media":28217,"template":"","meta":[],"product_brand":[],"product_cat":[102],"product_tag":[],"class_list":{"0":"post-28213","1":"product","2":"type-product","3":"status-publish","4":"has-post-thumbnail","6":"product_cat-karikues-makine","7":"description-off","9":"first","10":"instock","11":"shipping-taxable","12":"product-type-simple"},"_links":{"self":[{"href":"https:\/\/vasaa.al\/index.php\/wp-json\/wp\/v2\/product\/28213","targetHints":{"allow":["GET"]}}],"collection":[{"href":"https:\/\/vasaa.al\/index.php\/wp-json\/wp\/v2\/product"}],"about":[{"href":"https:\/\/vasaa.al\/index.php\/wp-json\/wp\/v2\/types\/product"}],"wp:featuredmedia":[{"embeddable":true,"href":"https:\/\/vasaa.al\/index.php\/wp-json\/wp\/v2\/media\/28217"}],"wp:attachment":[{"href":"https:\/\/vasaa.al\/index.php\/wp-json\/wp\/v2\/media?parent=28213"}],"wp:term":[{"taxonomy":"product_brand","embeddable":true,"href":"https:\/\/vasaa.al\/index.php\/wp-json\/wp\/v2\/product_brand?post=28213"},{"taxonomy":"product_cat","embeddable":true,"href":"https:\/\/vasaa.al\/index.php\/wp-json\/wp\/v2\/product_cat?post=28213"},{"taxonomy":"product_tag","embeddable":true,"href":"https:\/\/vasaa.al\/index.php\/wp-json\/wp\/v2\/product_tag?post=28213"}],"curies":[{"name":"wp","href":"https:\/\/api.w.org\/{rel}","templated":true}]}}